{"id":74,"date":"2021-06-23T16:48:09","date_gmt":"2021-06-23T14:48:09","guid":{"rendered":"https:\/\/anehtaconseil.com\/?page_id=74"},"modified":"2021-06-30T09:53:14","modified_gmt":"2021-06-30T07:53:14","slug":"amoa-amoe-faire-evoluer-votre-si","status":"publish","type":"page","link":"https:\/\/anehtaconseil.com\/index.php\/amoa-amoe-faire-evoluer-votre-si\/","title":{"rendered":"Faire \u00e9voluer votre SI"},"content":{"rendered":"\n<div class=\"wp-block-columns is-layout-flex wp-container-core-columns-is-layout-9d6595d7 wp-block-columns-is-layout-flex\">\n<div class=\"wp-block-column is-layout-flow wp-block-column-is-layout-flow\">\n<p>Votre infrastructure doit tenir compte de nombreux facteurs : les processus m\u00e9tiers, les besoins des diff\u00e9rents utilisateurs, les d\u00e9cisions strat\u00e9giques de votre Direction&#8230; <\/p>\n\n\n\n<p>De plus, vos syst\u00e8mes sont toujours en mouvement : nouvelles offres produits, donc nouveaux processus m\u00e9tiers, \u00e9volutions des outils en place&#8230; <\/p>\n<\/div>\n\n\n\n<div class=\"wp-block-column is-layout-flow wp-block-column-is-layout-flow\">\n<figure class=\"wp-block-image size-large\"><img fetchpriority=\"high\" decoding=\"async\" width=\"1024\" height=\"673\" src=\"https:\/\/anehtaconseil.com\/wp-content\/uploads\/2021\/06\/La-digitalisation-en-entreprise-1024x673.jpg\" alt=\"\" class=\"wp-image-249\" srcset=\"https:\/\/anehtaconseil.com\/wp-content\/uploads\/2021\/06\/La-digitalisation-en-entreprise-1024x673.jpg 1024w, https:\/\/anehtaconseil.com\/wp-content\/uploads\/2021\/06\/La-digitalisation-en-entreprise-300x197.jpg 300w, https:\/\/anehtaconseil.com\/wp-content\/uploads\/2021\/06\/La-digitalisation-en-entreprise-768x505.jpg 768w, https:\/\/anehtaconseil.com\/wp-content\/uploads\/2021\/06\/La-digitalisation-en-entreprise-1536x1010.jpg 1536w, https:\/\/anehtaconseil.com\/wp-content\/uploads\/2021\/06\/La-digitalisation-en-entreprise-1568x1031.jpg 1568w, https:\/\/anehtaconseil.com\/wp-content\/uploads\/2021\/06\/La-digitalisation-en-entreprise.jpg 1920w\" sizes=\"(max-width: 1024px) 100vw, 1024px\" \/><\/figure>\n<\/div>\n<\/div>\n\n\n\n<p>Pour g\u00e9rer tout cela, vous savez qu&rsquo;il faut rester agile, et garder un SI fiable et s\u00e9curis\u00e9. <\/p>\n\n\n\n<p>Pour cela, ANEHTA CONSEIL peut vous accompagner :<\/p>\n\n\n\n<ul class=\"wp-block-list\"><li>assistance dans l&rsquo;architecture g\u00e9n\u00e9rale de votre SI,<\/li><li>Migration vers le Cloud,<\/li><li>AMOE, AMOA,<\/li><li>assistance \u00e0 appels d&rsquo;offre. <\/li><\/ul>\n","protected":false},"excerpt":{"rendered":"<p>Votre infrastructure doit tenir compte de nombreux facteurs : les processus m\u00e9tiers, les besoins des diff\u00e9rents utilisateurs, les d\u00e9cisions strat\u00e9giques de votre Direction&#8230; De plus, vos syst\u00e8mes sont toujours en mouvement : nouvelles offres produits, donc nouveaux processus m\u00e9tiers, \u00e9volutions des outils en place&#8230; Pour g\u00e9rer tout cela, vous savez qu&rsquo;il faut rester agile, et &hellip; <\/p>\n<p class=\"link-more\"><a href=\"https:\/\/anehtaconseil.com\/index.php\/amoa-amoe-faire-evoluer-votre-si\/\" class=\"more-link\">Continuer la lecture <span class=\"screen-reader-text\"> \u00ab\u00a0Faire \u00e9voluer votre SI\u00a0\u00bb<\/span><\/a><\/p>\n","protected":false},"author":1,"featured_media":0,"parent":0,"menu_order":0,"comment_status":"closed","ping_status":"closed","template":"","meta":{"footnotes":""},"class_list":["post-74","page","type-page","status-publish","hentry","entry"],"_links":{"self":[{"href":"https:\/\/anehtaconseil.com\/index.php\/wp-json\/wp\/v2\/pages\/74","targetHints":{"allow":["GET"]}}],"collection":[{"href":"https:\/\/anehtaconseil.com\/index.php\/wp-json\/wp\/v2\/pages"}],"about":[{"href":"https:\/\/anehtaconseil.com\/index.php\/wp-json\/wp\/v2\/types\/page"}],"author":[{"embeddable":true,"href":"https:\/\/anehtaconseil.com\/index.php\/wp-json\/wp\/v2\/users\/1"}],"replies":[{"embeddable":true,"href":"https:\/\/anehtaconseil.com\/index.php\/wp-json\/wp\/v2\/comments?post=74"}],"version-history":[{"count":6,"href":"https:\/\/anehtaconseil.com\/index.php\/wp-json\/wp\/v2\/pages\/74\/revisions"}],"predecessor-version":[{"id":274,"href":"https:\/\/anehtaconseil.com\/index.php\/wp-json\/wp\/v2\/pages\/74\/revisions\/274"}],"wp:attachment":[{"href":"https:\/\/anehtaconseil.com\/index.php\/wp-json\/wp\/v2\/media?parent=74"}],"curies":[{"name":"wp","href":"https:\/\/api.w.org\/{rel}","templated":true}]}}