{"id":70,"date":"2021-06-23T16:47:14","date_gmt":"2021-06-23T14:47:14","guid":{"rendered":"https:\/\/anehtaconseil.com\/?page_id=70"},"modified":"2026-01-22T15:03:20","modified_gmt":"2026-01-22T13:03:20","slug":"uem-assistance-technique-formation","status":"publish","type":"page","link":"https:\/\/anehtaconseil.com\/index.php\/uem-assistance-technique-formation\/","title":{"rendered":"UEM"},"content":{"rendered":"\n<p><\/p>\n\n\n\n<div class=\"wp-block-columns is-layout-flex wp-container-core-columns-is-layout-9d6595d7 wp-block-columns-is-layout-flex\">\n<div class=\"wp-block-column is-layout-flow wp-block-column-is-layout-flow\">\n<p>Aujourd&rsquo;hui, les points d&rsquo;entr\u00e9e dans votre SI sont multiples, Mobiles, tables, PC et Mac. <\/p>\n\n\n\n<p>Tous ces terminaux d\u00e9tiennent des informations importantes pour votre organisation. Ils doivent absolument \u00eatre correctement ma\u00eetris\u00e9s  afin de prot\u00e9ger ces donn\u00e9es. <\/p>\n\n\n\n<p>Ils sont \u00e9galement des risques de s\u00e9curit\u00e9 en augmentant la surface d&rsquo;attaque de votre SI. <\/p>\n<\/div>\n\n\n\n<div class=\"wp-block-column is-layout-flow wp-block-column-is-layout-flow\"><\/div>\n<\/div>\n\n\n\n<p>C&rsquo;est pourquoi, depuis 12 ans, ANEHTA CONSEIL s&rsquo;est sp\u00e9cialis\u00e9e  en UEM (Unified Enpoint Management) en permettant de g\u00e9rer efficacement les terminaux Android, iOS, WIndows 10, MacOS  <\/p>\n\n\n\n<p>A ce titre nous proposons les services suivants : <\/p>\n\n\n\n<ul class=\"wp-block-list\">\n<li>Assistance technique UEM sur MobileIron\/Ivanti, Microsoft Intune, VMWare WS1..<\/li>\n\n\n\n<li>Formation sur les outils UEM, sur site ou \u00e0 distance, en Fran\u00e7ais. <\/li>\n\n\n\n<li>Assistance \u00e0 Appel d&rsquo;Offre sur ces technologies. <\/li>\n<\/ul>\n\n\n\n<p><\/p>\n","protected":false},"excerpt":{"rendered":"<p>Aujourd&rsquo;hui, les points d&rsquo;entr\u00e9e dans votre SI sont multiples, Mobiles, tables, PC et Mac. Tous ces terminaux d\u00e9tiennent des informations importantes pour votre organisation. Ils doivent absolument \u00eatre correctement ma\u00eetris\u00e9s afin de prot\u00e9ger ces donn\u00e9es. Ils sont \u00e9galement des risques de s\u00e9curit\u00e9 en augmentant la surface d&rsquo;attaque de votre SI. C&rsquo;est pourquoi, depuis 12 ans, &hellip; <\/p>\n<p class=\"link-more\"><a href=\"https:\/\/anehtaconseil.com\/index.php\/uem-assistance-technique-formation\/\" class=\"more-link\">Continuer la lecture <span class=\"screen-reader-text\"> \u00ab\u00a0UEM\u00a0\u00bb<\/span><\/a><\/p>\n","protected":false},"author":1,"featured_media":0,"parent":0,"menu_order":0,"comment_status":"closed","ping_status":"closed","template":"","meta":{"footnotes":""},"class_list":["post-70","page","type-page","status-publish","hentry","entry"],"_links":{"self":[{"href":"https:\/\/anehtaconseil.com\/index.php\/wp-json\/wp\/v2\/pages\/70","targetHints":{"allow":["GET"]}}],"collection":[{"href":"https:\/\/anehtaconseil.com\/index.php\/wp-json\/wp\/v2\/pages"}],"about":[{"href":"https:\/\/anehtaconseil.com\/index.php\/wp-json\/wp\/v2\/types\/page"}],"author":[{"embeddable":true,"href":"https:\/\/anehtaconseil.com\/index.php\/wp-json\/wp\/v2\/users\/1"}],"replies":[{"embeddable":true,"href":"https:\/\/anehtaconseil.com\/index.php\/wp-json\/wp\/v2\/comments?post=70"}],"version-history":[{"count":8,"href":"https:\/\/anehtaconseil.com\/index.php\/wp-json\/wp\/v2\/pages\/70\/revisions"}],"predecessor-version":[{"id":319,"href":"https:\/\/anehtaconseil.com\/index.php\/wp-json\/wp\/v2\/pages\/70\/revisions\/319"}],"wp:attachment":[{"href":"https:\/\/anehtaconseil.com\/index.php\/wp-json\/wp\/v2\/media?parent=70"}],"curies":[{"name":"wp","href":"https:\/\/api.w.org\/{rel}","templated":true}]}}