{"id":2,"date":"2021-06-09T08:55:33","date_gmt":"2021-06-09T08:55:33","guid":{"rendered":"https:\/\/anehtaconseil.com\/?page_id=2"},"modified":"2021-07-15T10:34:04","modified_gmt":"2021-07-15T08:34:04","slug":"sample-page","status":"publish","type":"page","link":"https:\/\/anehtaconseil.com\/","title":{"rendered":"Bienvenue !"},"content":{"rendered":"\n<div class=\"wp-block-columns is-layout-flex wp-container-core-columns-is-layout-9d6595d7 wp-block-columns-is-layout-flex\">\n<div class=\"wp-block-column is-layout-flow wp-block-column-is-layout-flow\">\n<figure class=\"wp-block-image size-large\"><img decoding=\"async\" width=\"190\" height=\"190\" src=\"https:\/\/anehtaconseil.com\/wp-content\/uploads\/2021\/06\/cropped-anehta_conseil_logo-1.png\" alt=\"\" class=\"wp-image-46\" srcset=\"https:\/\/anehtaconseil.com\/wp-content\/uploads\/2021\/06\/cropped-anehta_conseil_logo-1.png 190w, https:\/\/anehtaconseil.com\/wp-content\/uploads\/2021\/06\/cropped-anehta_conseil_logo-1-150x150.png 150w\" sizes=\"(max-width: 190px) 100vw, 190px\" \/><\/figure>\n<\/div>\n\n\n\n<div class=\"wp-block-column is-layout-flow wp-block-column-is-layout-flow\">\n<blockquote class=\"wp-block-quote is-style-large is-layout-flow wp-block-quote-is-layout-flow\"><p>Conseil en infrastructure et S\u00e9curit\u00e9 des syst\u00e8mes d&rsquo;information<\/p><\/blockquote>\n<\/div>\n<\/div>\n\n\n\n<p>Fort de 30 ans de pratique en d\u00e9veloppement, r\u00e9seaux et syst\u00e8mes informatiques, ANEHTA CONSEIL met son expertise \u00e0 votre service.<\/p>\n\n\n\n<p>Notre approche globale des syst\u00e8mes et r\u00e9seaux combin\u00e9e \u00e0 une expertise pointues sur les sujets op\u00e9rationnels vous apportent un point de vue nouveau et une capacit\u00e9 \u00e0 r\u00e9aliser les projets d&rsquo;une mani\u00e8re rapide et compl\u00e8te. <\/p>\n\n\n\n<p>Les principaux th\u00e8mes sur lesquels nous pourrons vous aider sont : <\/p>\n\n\n\n<ul class=\"wp-block-list\"><li>la gestion et la s\u00e9curisation de vos terminaux mobiles et PC\/Mac : <a href=\"https:\/\/anehtaconseil.com\/index.php\/uem-assistance-technique-formation\/\" data-type=\"page\" data-id=\"70\">UEM<\/a><\/li><li>La <a href=\"https:\/\/anehtaconseil.com\/index.php\/securite-terminaux-mobiles-audit-de-securite-pentest\/\" data-type=\"page\" data-id=\"72\">s\u00e9curisation <\/a>de votre infrastructure  par la recherche de failles et la mise en place des outils indispensables pour garder un haut niveau de s\u00e9curit\u00e9<\/li><li><a href=\"https:\/\/anehtaconseil.com\/index.php\/amoa-amoe-faire-evoluer-votre-si\/\" data-type=\"page\" data-id=\"74\">L&rsquo;assistance<\/a> \u00e0 l&rsquo;optimisation de votre infrastructure : int\u00e9gration des processus m\u00e9tiers, passage au cloud ma\u00eetris\u00e9. <\/li><\/ul>\n\n\n\n<p>Merci de votre attention et \u00e0 bient\u00f4t ! <\/p>\n\n\n\n<p>Gabriel VERNOT. <\/p>\n","protected":false},"excerpt":{"rendered":"<p>Conseil en infrastructure et S\u00e9curit\u00e9 des syst\u00e8mes d&rsquo;information Fort de 30 ans de pratique en d\u00e9veloppement, r\u00e9seaux et syst\u00e8mes informatiques, ANEHTA CONSEIL met son expertise \u00e0 votre service. Notre approche globale des syst\u00e8mes et r\u00e9seaux combin\u00e9e \u00e0 une expertise pointues sur les sujets op\u00e9rationnels vous apportent un point de vue nouveau et une capacit\u00e9 \u00e0 &hellip; <\/p>\n<p class=\"link-more\"><a href=\"https:\/\/anehtaconseil.com\/\" class=\"more-link\">Continuer la lecture <span class=\"screen-reader-text\"> \u00ab\u00a0Bienvenue !\u00a0\u00bb<\/span><\/a><\/p>\n","protected":false},"author":1,"featured_media":0,"parent":0,"menu_order":0,"comment_status":"closed","ping_status":"open","template":"","meta":{"footnotes":""},"class_list":["post-2","page","type-page","status-publish","hentry","entry"],"_links":{"self":[{"href":"https:\/\/anehtaconseil.com\/index.php\/wp-json\/wp\/v2\/pages\/2","targetHints":{"allow":["GET"]}}],"collection":[{"href":"https:\/\/anehtaconseil.com\/index.php\/wp-json\/wp\/v2\/pages"}],"about":[{"href":"https:\/\/anehtaconseil.com\/index.php\/wp-json\/wp\/v2\/types\/page"}],"author":[{"embeddable":true,"href":"https:\/\/anehtaconseil.com\/index.php\/wp-json\/wp\/v2\/users\/1"}],"replies":[{"embeddable":true,"href":"https:\/\/anehtaconseil.com\/index.php\/wp-json\/wp\/v2\/comments?post=2"}],"version-history":[{"count":11,"href":"https:\/\/anehtaconseil.com\/index.php\/wp-json\/wp\/v2\/pages\/2\/revisions"}],"predecessor-version":[{"id":288,"href":"https:\/\/anehtaconseil.com\/index.php\/wp-json\/wp\/v2\/pages\/2\/revisions\/288"}],"wp:attachment":[{"href":"https:\/\/anehtaconseil.com\/index.php\/wp-json\/wp\/v2\/media?parent=2"}],"curies":[{"name":"wp","href":"https:\/\/api.w.org\/{rel}","templated":true}]}}